{"id":79,"date":"2025-10-23T17:41:55","date_gmt":"2025-10-23T17:41:55","guid":{"rendered":"https:\/\/exklusivversichert.com\/contact\/"},"modified":"2025-10-25T18:00:21","modified_gmt":"2025-10-25T18:00:21","slug":"contact","status":"publish","type":"page","link":"https:\/\/exklusivversichert.com\/de\/contact\/","title":{"rendered":"Kontakt"},"content":{"rendered":"<div class=\"section-wrapper\" data-id=\"Gt1zGH\"><section class=\"wp-block-gutenverse-section guten-element guten-section guten-Gt1zGH layout-fullwidth align-stretch\"><div class=\"guten-container guten-column-gap-no\">\n<div class=\"wp-block-gutenverse-column guten-element guten-column guten-6chP85\"><div class=\"guten-column-wrapper\" data-id=\"6chP85\">\n<div class=\"guten-element guten-popup-builder guten-AmqL5U\" data-trigger=\"click\" data-anchor=\"offcanvas\" data-close-overlay=\"true\"><div class=\"guten-popup guten-popup-center guten-popup-side-space\"><div class=\"guten-popup-overlay\"><\/div><div class=\"guten-popup-wrapper guten-popup-wrapper-center\"><div class=\"guten-popup-content animated guten-element-hide desktop-fadeInDown\"><div class=\"guten-popup-close\"><i class=\"gtn gtn-x-line\"><\/i><\/div><div class=\"guten-popup-container\">\n<div class=\"guten-element guten-popup-content-inner above\"><div class=\"guten-popup-content-wrapper\">\n<div class=\"section-wrapper\" data-id=\"Izt8Pk\"><section class=\"wp-block-gutenverse-section guten-element guten-section guten-Izt8Pk layout-boxed align-middle\"><div class=\"guten-container guten-column-gap-no\">\n<div class=\"wp-block-gutenverse-column guten-element guten-column guten-653C8V\"><div class=\"guten-column-wrapper\" data-id=\"653C8V\">\n<div class=\"guten-element guten-wrap-helper no-margin guten-AKeTxn\"><div class=\"guten-inner-wrap\" data-id=\"AKeTxn\"><div id=\"guten-kncfze\" class=\"guten-element guten-nav-menu nav-menu break-point-mobile submenu-click-title\" data-item-indicator=\"gtn gtn-down-arrow1-light\" data-close-on-click=\"1\">\n\t\t\t<div class=\"gutenverse-hamburger-wrapper\">\n\t\t\t\t<button class=\"gutenverse-hamburger-menu\" aria-label=\"\">\n\t\t\t\t\t<i aria-hidden=\"true\" class=\"gtn gtn-grip-lines-solid\"><\/i>\n\t\t\t\t<\/button>\n\t\t\t<\/div>\n\t\t\t<div class=\"guten-nav-overlay\"><\/div>\n\t\t\t<div class=\"gutenverse-menu-wrapper\"><div class=\"gutenverse-menu-container\"><ul id=\"menu-ibiza-1\" class=\"gutenverse-menu\"><li id=\"menu-item-80\" class=\"menu-item-80  menu-item menu-item-type-custom menu-item-object-custom\"><a aria-label=\"Startseite\" href=\"javascript:void(0);\" data-href=\"\/\">Startseite<\/a><\/li>\n<li id=\"menu-item-84\" class=\"menu-item-84  menu-item menu-item-type-custom menu-item-object-custom\"><a aria-label=\"\u00dcber\" href=\"javascript:void(0);\" data-href=\"\/about\/\">\u00dcber<\/a><\/li>\n<li id=\"menu-item-139\" class=\"menu-item-139  menu-item menu-item-type-custom menu-item-object-custom\"><a aria-label=\"Versicherte Fahrzeuge\" href=\"javascript:void(0);\" data-href=\"\/cars-covered\">Versicherte Fahrzeuge<\/a><\/li>\n<li id=\"menu-item-86\" class=\"menu-item-86  menu-item menu-item-type-custom menu-item-object-custom\"><a aria-label=\"Blog\" href=\"javascript:void(0);\" data-href=\"\/blog\/\">Blog<\/a><\/li>\n<li id=\"menu-item-85\" class=\"menu-item-85  menu-item menu-item-type-custom menu-item-object-custom\"><a aria-label=\"H\u00e4ufig gestellte Fragen (FAQs)\" href=\"javascript:void(0);\" data-href=\"\/help-center\/\">H\u00e4ufig gestellte Fragen (FAQs)<\/a><\/li>\n<li id=\"menu-item-87\" class=\"menu-item-87  menu-item menu-item-type-custom menu-item-object-custom\"><a aria-label=\"Kontakt\" href=\"javascript:void(0);\" data-href=\"\/contact\/\">Kontakt<\/a><\/li>\n<\/ul><\/div>\n\t\t\t\t<div>\n\t\t\t\t\t<div class=\"gutenverse-nav-identity-panel\">\n\t\t\t\t\t\t<div class=\"gutenverse-nav-site-title\">\n\t\t\t\t\t\t\t<a href=\"https:\/\/exklusivversichert.com\/de\" class=\"gutenverse-nav-logo\"><img decoding=\"async\" src=\"https:\/\/exklusivversichert.com\/wp-content\/uploads\/2025\/10\/logo-ibiza-light.webp\" alt=\"Exklusiv Versichert - \"><\/a>\n\t\t\t\t\t\t<\/div>\n\t\t\t\t\t\t<button class=\"gutenverse-close-menu\" aria-label=\"\"><i aria-hidden=\"true\" class=\"gtn gtn-times-solid\"><\/i><\/button>\n\t\t\t\t\t<\/div>\n\t\t\t\t<\/div>\n\t\t\t<\/div>\n\t\t<\/div><\/div><\/div>\n<\/div><\/div>\n<\/div><\/section><\/div>\n<\/div><\/div>\n<\/div><\/div><\/div><\/div><\/div>\n\n\n\n<div class=\"section-wrapper\" data-id=\"IfjuoC\"><section class=\"wp-block-gutenverse-section guten-element guten-section guten-IfjuoC layout-fullwidth align-stretch\"><div class=\"guten-container guten-column-gap-default\">\n<div class=\"wp-block-gutenverse-column guten-element guten-column guten-mayuzT\"><div class=\"guten-column-wrapper\" data-id=\"mayuzT\">\n<div class=\"guten-element guten-wrap-helper no-margin guten-wqnkAy hide-mobile with-url\" onclick=\"window.open('#offcanvas', '_self');\"><div class=\"guten-inner-wrap\" data-id=\"wqnkAy\">\n<div class=\"wp-block-gutenverse-image guten-element guten-image guten-IBeO8F\"><div class=\"guten-image-wrapper\"><img decoding=\"async\" class=\"gutenverse-image-box-filled\" src=\"https:\/\/exklusivversichert.com\/wp-content\/uploads\/2025\/10\/offcanvas.png\" height=\"40\" width=\"136\"\/><\/div><\/div>\n\n\n\n<h5 class=\"wp-block-gutenverse-heading guten-element guten-tDgrGM\">Men\u00fc<\/h5>\n<\/div><\/div>\n\n\n<div id=\"guten-COIK2D\" class=\"guten-element guten-nav-menu nav-menu break-point-tablet submenu-click-title hide-desktop hide-tablet\" data-item-indicator=\"gtn gtn-down-arrow1-light\" data-close-on-click=\"1\">\n\t\t\t<div class=\"gutenverse-hamburger-wrapper\">\n\t\t\t\t<button class=\"gutenverse-hamburger-menu\" aria-label=\"\">\n\t\t\t\t\t<i aria-hidden=\"true\" class=\"gtn gtn-grip-lines-solid\"><\/i>\n\t\t\t\t<\/button>\n\t\t\t<\/div>\n\t\t\t<div class=\"guten-nav-overlay\"><\/div>\n\t\t\t<div class=\"gutenverse-menu-wrapper\"><div class=\"gutenverse-menu-container\"><ul id=\"menu-ibiza-2\" class=\"gutenverse-menu\"><li id=\"menu-item-80\" class=\"menu-item-80  menu-item menu-item-type-custom menu-item-object-custom\"><a aria-label=\"Startseite\" href=\"javascript:void(0);\" data-href=\"\/\">Startseite<\/a><\/li>\n<li id=\"menu-item-84\" class=\"menu-item-84  menu-item menu-item-type-custom menu-item-object-custom\"><a aria-label=\"\u00dcber\" href=\"javascript:void(0);\" data-href=\"\/about\/\">\u00dcber<\/a><\/li>\n<li id=\"menu-item-139\" class=\"menu-item-139  menu-item menu-item-type-custom menu-item-object-custom\"><a aria-label=\"Versicherte Fahrzeuge\" href=\"javascript:void(0);\" data-href=\"\/cars-covered\">Versicherte Fahrzeuge<\/a><\/li>\n<li id=\"menu-item-86\" class=\"menu-item-86  menu-item menu-item-type-custom menu-item-object-custom\"><a aria-label=\"Blog\" href=\"javascript:void(0);\" data-href=\"\/blog\/\">Blog<\/a><\/li>\n<li id=\"menu-item-85\" class=\"menu-item-85  menu-item menu-item-type-custom menu-item-object-custom\"><a aria-label=\"H\u00e4ufig gestellte Fragen (FAQs)\" href=\"javascript:void(0);\" data-href=\"\/help-center\/\">H\u00e4ufig gestellte Fragen (FAQs)<\/a><\/li>\n<li id=\"menu-item-87\" class=\"menu-item-87  menu-item menu-item-type-custom menu-item-object-custom\"><a aria-label=\"Kontakt\" href=\"javascript:void(0);\" data-href=\"\/contact\/\">Kontakt<\/a><\/li>\n<\/ul><\/div>\n\t\t\t\t<div>\n\t\t\t\t\t<div class=\"gutenverse-nav-identity-panel\">\n\t\t\t\t\t\t<div class=\"gutenverse-nav-site-title\">\n\t\t\t\t\t\t\t<a href=\"https:\/\/exklusivversichert.com\/de\" class=\"gutenverse-nav-logo\"><img decoding=\"async\" src=\"https:\/\/exklusivversichert.com\/wp-content\/uploads\/2025\/10\/Logo-03-1-scaled.png\" alt=\"Exklusiv Versichert - \"><\/a>\n\t\t\t\t\t\t<\/div>\n\t\t\t\t\t\t<button class=\"gutenverse-close-menu\" aria-label=\"\"><i aria-hidden=\"true\" class=\"gtn gtn-times-solid\"><\/i><\/button>\n\t\t\t\t\t<\/div>\n\t\t\t\t<\/div>\n\t\t\t<\/div>\n\t\t<\/div>\n\n\n<div class=\"wp-block-gutenverse-divider guten-element guten-divider guten-vIRitP\"><div class=\"guten-divider-wrapper\"><div class=\"guten-divider-default guten-divider-line guten-divider-regular\"><\/div><\/div><\/div>\n<\/div><\/div>\n\n\n\n<div class=\"wp-block-gutenverse-column guten-element guten-column guten-fUTt2O\"><div class=\"guten-column-wrapper\" data-id=\"fUTt2O\">\n<div class=\"wp-block-gutenverse-image guten-element guten-image guten-TmguFA\"><div class=\"guten-image-wrapper\"><img decoding=\"async\" class=\"gutenverse-image-box-filled\" src=\"https:\/\/exklusivversichert.com\/wp-content\/uploads\/2025\/10\/Logo-06-scaled.png\" height=\"2560\" width=\"2155\"\/><\/div><\/div>\n<\/div><\/div>\n\n\n\n<div class=\"wp-block-gutenverse-column guten-element guten-column guten-EfOl1X hide-mobile\"><div class=\"guten-column-wrapper\" data-id=\"EfOl1X\">\n<div class=\"guten-element guten-trb5gb guten-icon-box icon-position-left\"><a class=\"\" href=\"#\"><div class=\"guten-icon-box-wrapper hover-from-left\"><div class=\"icon-box icon-box-header\"><div class=\"icon bg-style-color type-image\"><img decoding=\"async\" src=\"https:\/\/exklusivversichert.com\/wp-content\/uploads\/2025\/10\/entypo_old-phone.png\"\/><\/div><\/div><div class=\"icon-box icon-box-body\"><h2 class=\"title\">(+49) 172 2466157<\/h2><p class=\"icon-box-description\"><br><\/p><\/div><\/div><\/a><\/div>\n\n\n\n<div class=\"wp-block-gutenverse-divider guten-element guten-divider guten-VYWPMK\"><div class=\"guten-divider-wrapper\"><div class=\"guten-divider-default guten-divider-line guten-divider-regular\"><\/div><\/div><\/div>\n<\/div><\/div>\n<\/div><\/section><\/div>\n<\/div><\/div>\n<\/div><\/section><\/div>\n\n\n\n<div class=\"section-wrapper\" data-id=\"3BUx4G\"><section class=\"wp-block-gutenverse-section guten-element guten-section guten-3BUx4G layout-fullwidth align-bottom\"><div class=\"guten-background-overlay\"><\/div><div class=\"guten-container guten-column-gap-default\">\n<div class=\"wp-block-gutenverse-column guten-element guten-column guten-OZ5373\"><div class=\"guten-column-wrapper\" data-id=\"OZ5373\">\n<h1 class=\"wp-block-gutenverse-heading guten-element guten-lXZg4K\">Kontakt<\/h1>\n<\/div><\/div>\n<\/div><\/section><\/div>\n\n\n\n<div class=\"section-wrapper\" data-id=\"ZzDZUw\"><section class=\"wp-block-gutenverse-section guten-element guten-section guten-ZzDZUw layout-boxed align-stretch\"><div class=\"guten-container guten-column-gap-default\">\n<div class=\"wp-block-gutenverse-column guten-element guten-column guten-lMeAH7 animated guten-element-hide desktop-fadeInLeft\"><div class=\"guten-column-wrapper\" data-id=\"lMeAH7\">\n<div class=\"guten-element gutenverse-maps guten-maps guten-XZriN1\" data-src=\"https:\/\/maps.google.com\/maps?q=Nelkenstra%C3%9Fe%2015%2C%2030974%20Wennigsen%20(Deister)%2C%20Germany&amp;z=13&amp;t=m&amp;output=embed&amp;iwloc=near\"><iframe frameborder=\"0\" scrolling=\"no\" marginheight=\"0\" marginwidth=\"0\" src=\"\" title=\"Nelkenstra\u00dfe 15, 30974 Wennigsen (Deister), Germany\"><\/iframe><\/div>\n<\/div><\/div>\n\n\n\n<div class=\"wp-block-gutenverse-column guten-element guten-column guten-Y9fgPs animated guten-element-hide desktop-fadeInLeft\"><div class=\"guten-column-wrapper\" data-id=\"Y9fgPs\">\n<h2 class=\"wp-block-gutenverse-heading guten-element guten-NMtBMr\">Kontakt aufnehmen<\/h2>\n\n\n\n<div class=\"guten-element gutenverse-text-editor guten-maTf8e\"><div class=\"text-content-inner\">\n<p>Haben Sie eine Frage oder ben\u00f6tigen ein individuelles Angebot? Unsere Experten stehen Ihnen zur Verf\u00fcgung, um Ihnen erstklassigen Versicherungsschutz f\u00fcr Ihre Luxus- und Sportwagen zu bieten. Kontaktieren Sie uns noch heute und erleben Sie eine Versicherung, die Klasse und Pr\u00e4zision Ihres Fahrzeugs widerspiegelt.<\/p>\n<\/div><\/div>\n\n\n\n<div class=\"guten-element guten-spacer guten-ZlPka0\"><\/div>\n\n\n\n<div class=\"guten-element guten-cCc8TO guten-icon-box icon-position-left\"><div class=\"guten-icon-box-wrapper hover-from-left\"><div class=\"icon-box icon-box-header\"><div class=\"icon bg-style-color\"><i class=\"gtn gtn-map-marker1-light icon-style-color\"><\/i><\/div><\/div><div class=\"icon-box icon-box-body\"><h2 class=\"title\">Unser B\u00fcro<\/h2><p class=\"icon-box-description\">Nelkenstr. 15, 30974 Wennigsen, Germany<\/p><\/div><\/div><\/div>\n\n\n\n<div class=\"guten-element guten-lkVmeQ guten-icon-box icon-position-left\"><div class=\"guten-icon-box-wrapper hover-from-left\"><div class=\"icon-box icon-box-header\"><div class=\"icon bg-style-color\"><i class=\"gtn gtn-envelope2-light icon-style-color\"><\/i><\/div><\/div><div class=\"icon-box icon-box-body\"><h2 class=\"title\">E-Mail-Adresse<\/h2><p class=\"icon-box-description\">Exklusivversichert@outlook.com<\/p><\/div><\/div><\/div>\n\n\n\n<div class=\"guten-element guten-bkUsVj guten-icon-box icon-position-left\"><div class=\"guten-icon-box-wrapper hover-from-left\"><div class=\"icon-box icon-box-header\"><div class=\"icon bg-style-color\"><i class=\"gtn gtn-phone1-light icon-style-color\"><\/i><\/div><\/div><div class=\"icon-box icon-box-body\"><h2 class=\"title\">Telefonnummer<\/h2><p class=\"icon-box-description\">(+49) 172 2466157<\/p><\/div><\/div><\/div>\n\n\n\n<div class=\"section-wrapper\" data-id=\"lmkV0H\"><section class=\"wp-block-gutenverse-section guten-element guten-section guten-lmkV0H layout-boxed align-stretch\"><div class=\"guten-container guten-column-gap-no\">\n<div class=\"wp-block-gutenverse-column guten-element guten-column guten-d3yTty\"><div class=\"guten-column-wrapper\" data-id=\"d3yTty\">\n<form style=\"display:none\" class=\"guten-element guten-form-builder guten-hyZpa5\" data-form-id=\"247\" data-hide-after=\"false\" action=\"\">\n<div class=\"section-wrapper\" data-id=\"sAIvZv\"><section class=\"wp-block-gutenverse-section guten-element guten-section guten-sAIvZv layout-boxed align-stretch\"><div class=\"guten-container guten-column-gap-no\">\n<div class=\"wp-block-gutenverse-column guten-element guten-column guten-6iCg1v\"><div class=\"guten-column-wrapper\" data-id=\"6iCg1v\">\n<div class=\"guten-element guten-form-input-text guten-form-input guten-input-position-top guten-3bX8Ol hide-label hide-helper\"><div class=\"label-wrapper\"><\/div><div class=\"main-wrapper\"><input data-validation=\"{&quot;type&quot;:&quot;text&quot;,&quot;required&quot;:false,&quot;validationType&quot;:&quot;none&quot;,&quot;validationWarning&quot;:&quot;Input Invalid&quot;}\" placeholder=\"Ihr Name\" name=\"input-text-name\" class=\"gutenverse-input gutenverse-input-text\" type=\"text\"\/><div class=\"validation-error\">Input Invalid<\/div><\/div><\/div>\n\n\n\n<div class=\"guten-element guten-form-input-email guten-form-input guten-input-position-top guten-oXyIca hide-label hide-helper\"><div class=\"label-wrapper\"><\/div><div class=\"main-wrapper\"><input data-validation=\"{&quot;type&quot;:&quot;email&quot;,&quot;required&quot;:false,&quot;validationType&quot;:&quot;none&quot;,&quot;validationWarning&quot;:&quot;Input Invalid&quot;}\" placeholder=\"Ihre E-Mail\" name=\"input-email\" class=\"gutenverse-input gutenverse-input-email\" type=\"email\"\/><div class=\"validation-error\">Input Invalid<\/div><\/div><\/div>\n\n\n\n<div class=\"guten-element guten-form-input-text guten-form-input guten-input-position-top guten-pK01mc hide-label hide-helper\"><div class=\"label-wrapper\"><\/div><div class=\"main-wrapper\"><input data-validation=\"{&quot;type&quot;:&quot;text&quot;,&quot;required&quot;:false,&quot;validationType&quot;:&quot;none&quot;,&quot;validationWarning&quot;:&quot;Input Invalid&quot;}\" placeholder=\"Ihr Betreff\" name=\"input-text-name\" class=\"gutenverse-input gutenverse-input-text\" type=\"text\"\/><div class=\"validation-error\">Input Invalid<\/div><\/div><\/div>\n<\/div><\/div>\n<\/div><\/section><\/div>\n\n\n\n<div class=\"guten-element guten-form-input-textarea guten-form-input guten-input-position-top guten-aM3jG3 hide-label hide-helper\"><div class=\"label-wrapper\"><\/div><div class=\"main-wrapper\"><textarea data-validation=\"{&quot;type&quot;:&quot;textarea&quot;,&quot;required&quot;:false,&quot;validationType&quot;:&quot;none&quot;,&quot;validationWarning&quot;:&quot;Input Invalid&quot;}\" placeholder=\"Ihre Nachricht\" name=\"input-textarea\" class=\"gutenverse-input gutenverse-input-text\"><\/textarea><div class=\"validation-error\">Input Invalid<\/div><\/div><\/div>\n\n\n\n<div class=\"guten-element guten-button-wrapper guten-submit-wrapper guten-5sTYl3\"><div class=\"form-notification\"><\/div><button class=\"guten-button gutenverse-input-submit guten-button-sm\" type=\"submit\"><span>Nachricht senden<\/span><\/button><div class=\"gutenverse-input-submit-loader\"><i class=\"fas fa-spinner fa-spin\"><\/i><\/div><\/div>\n<input type=\"hidden\" name=\"trp-form-language\" value=\"de\"\/><\/form>\n<\/div><\/div>\n<\/div><\/section><\/div>\n<\/div><\/div>\n<\/div><\/section><\/div>\n\n\n\n<div class=\"section-wrapper\" data-id=\"akM3I6\"><section class=\"wp-block-gutenverse-section guten-element guten-section guten-akM3I6 layout-fullwidth align-stretch\"><div class=\"guten-container guten-column-gap-default\">\n<div class=\"wp-block-gutenverse-column guten-element guten-column guten-KgNDbe\"><div class=\"guten-column-wrapper\" data-id=\"KgNDbe\">\n<div class=\"section-wrapper\" data-id=\"N01eY6\"><section class=\"wp-block-gutenverse-section guten-element guten-section guten-N01eY6 layout-fullwidth align-stretch\"><div class=\"guten-container guten-column-gap-no\">\n<div class=\"wp-block-gutenverse-column guten-element guten-column guten-oYRqni\"><div class=\"guten-column-wrapper\" data-id=\"oYRqni\">\n<div class=\"section-wrapper\" data-id=\"P3X58U\"><section class=\"wp-block-gutenverse-section guten-element guten-section guten-P3X58U layout-fullwidth align-stretch\"><div class=\"guten-container guten-column-gap-no\">\n<div class=\"wp-block-gutenverse-column guten-element guten-column guten-FqhQU8\"><div class=\"guten-column-wrapper\" data-id=\"FqhQU8\">\n<div class=\"wp-block-gutenverse-divider guten-element guten-divider guten-1mAzwB\"><div class=\"guten-divider-wrapper\"><div class=\"guten-divider-default guten-divider-line guten-divider-regular\"><\/div><\/div><\/div>\n<\/div><\/div>\n\n\n\n<div class=\"wp-block-gutenverse-column guten-element guten-column guten-wTt5d4\"><div class=\"guten-column-wrapper\" data-id=\"wTt5d4\">\n<div class=\"wp-block-gutenverse-image guten-element guten-image guten-09oUkD\"><div class=\"guten-image-wrapper\"><img decoding=\"async\" class=\"gutenverse-image-box-filled\" src=\"https:\/\/exklusivversichert.com\/wp-content\/uploads\/2025\/10\/Logo-06-scaled.png\" height=\"2560\" width=\"2155\"\/><\/div><\/div>\n<\/div><\/div>\n\n\n\n<div class=\"wp-block-gutenverse-column guten-element guten-column guten-27Uo5M hide-mobile\"><div class=\"guten-column-wrapper\" data-id=\"27Uo5M\">\n<div class=\"wp-block-gutenverse-divider guten-element guten-divider guten-XnKFfe\"><div class=\"guten-divider-wrapper\"><div class=\"guten-divider-default guten-divider-line guten-divider-regular\"><\/div><\/div><\/div>\n<\/div><\/div>\n<\/div><\/section><\/div>\n<\/div><\/div>\n<\/div><\/section><\/div>\n\n\n\n<div class=\"section-wrapper\" data-id=\"3nzFEi\"><section class=\"wp-block-gutenverse-section guten-element guten-section guten-3nzFEi layout-fullwidth align-stretch\"><div class=\"guten-container guten-column-gap-no\">\n<div class=\"wp-block-gutenverse-column guten-element guten-column guten-hyuPIE\"><div class=\"guten-column-wrapper\" data-id=\"hyuPIE\">\n<h3 class=\"wp-block-gutenverse-heading guten-element guten-xTHKJr\">\u00dcber Exklusiv Versichert<\/h3>\n\n\n\n<div class=\"guten-element gutenverse-text-editor guten-pPO81M\"><div class=\"text-content-inner\">\n<p>Exklusive Versicherung f\u00fcr Sport- und Luxuswagen mit ma\u00dfgeschneidertem Schutz, vertrauensw\u00fcrdiger Expertise und erstklassigem Service.<\/p>\n<\/div><\/div>\n\n\n\n<div class=\"guten-element guten-social-icons guten-sksmFE circle horizontal fill\">\n<div class=\"guten-element guten-social-icon guten-GpagA5 facebook\"><a id=\"guten-GpagA5\" href=\"#\"><i class=\"gtn gtn-facebook-light\"><\/i><\/a><\/div>\n\n\n\n<div class=\"guten-element guten-social-icon guten-GP7TQC twitter\"><a id=\"guten-GP7TQC\" href=\"#\"><i class=\"fab fa-x-twitter\"><\/i><\/a><\/div>\n\n\n\n<div class=\"guten-element guten-social-icon guten-gu7KR9 instagram\"><a id=\"guten-gu7KR9\" href=\"#\"><i class=\"gtn gtn-instagram-1-light\"><\/i><\/a><\/div>\n\n\n\n<div class=\"guten-element guten-social-icon guten-pOVNb9 youtube\"><a id=\"guten-pOVNb9\" href=\"#\"><i class=\"gtn gtn-youtube-v-light\"><\/i><\/a><\/div>\n<\/div>\n<\/div><\/div>\n\n\n\n<div class=\"wp-block-gutenverse-column guten-element guten-column guten-LTU3vs\"><div class=\"guten-column-wrapper\" data-id=\"LTU3vs\">\n<h3 class=\"wp-block-gutenverse-heading guten-element guten-wCbRMc\">Bedingungen<\/h3>\n\n\n\n<div class=\"guten-element guten-icon-list guten-QUQHj3\"><div class=\"list-wrapper\">\n<div class=\"guten-element guten-icon-list-item guten-1r2OGs\"><div class=\"list-divider\"><\/div><a id=\"guten-1r2OGs\" href=\"\/de\/privacy-policy\/\"><i class=\"gtn gtn-minus-light\"><\/i><span class=\"list-text\">Datenschutzrichtlinie<\/span><\/a><\/div>\n\n\n\n<div class=\"guten-element guten-icon-list-item guten-LCdsPK\"><div class=\"list-divider\"><\/div><a id=\"guten-LCdsPK\" href=\"\/de\/terms-and-conditions\/\"><i class=\"gtn gtn-minus-light\"><\/i><span class=\"list-text\">Allgemeine Gesch\u00e4ftsbedingungen<\/span><\/a><\/div>\n\n\n\n<div class=\"guten-element guten-icon-list-item guten-i5HKJn\"><div class=\"list-divider\"><\/div><a id=\"guten-i5HKJn\" href=\"https:\/\/exklusivversichert.com\/de\/contact\/\"><i class=\"gtn gtn-minus-light\"><\/i><span class=\"list-text\">Kontakt<\/span><\/a><\/div>\n\n\n\n<div class=\"guten-element guten-icon-list-item guten-RG96eY\"><div class=\"list-divider\"><\/div><a id=\"guten-RG96eY\" href=\"\/de\/imprint-legal-notice\/\"><i class=\"gtn gtn-minus-light\"><\/i><span class=\"list-text\">Impressum &amp; rechtlicher Hinweis<\/span><\/a><\/div>\n<\/div><\/div>\n<\/div><\/div>\n\n\n\n<div class=\"wp-block-gutenverse-column guten-element guten-column guten-9c0yN5\"><div class=\"guten-column-wrapper\" data-id=\"9c0yN5\">\n<h2 class=\"wp-block-gutenverse-heading guten-element guten-DbMxeu\">Kontakt aufnehmen!<\/h2>\n\n\n\n<div class=\"guten-element guten-icon-list guten-M79GF1\"><div class=\"list-wrapper\">\n<div class=\"guten-element guten-icon-list-item guten-2mfSz8\"><div class=\"list-divider\"><\/div><a id=\"guten-2mfSz8\"><i class=\"fas fa-map-marker-alt\"><\/i><span class=\"list-text\"><strong>Nelkenstr. 15, 30974 Wennigsen, Germany<\/strong><\/span><\/a><\/div>\n\n\n\n<div class=\"guten-element guten-icon-list-item guten-f2ROj8\"><div class=\"list-divider\"><\/div><a id=\"guten-f2ROj8\" href=\"mailto:Exklusivversichert@outlook.com\"><i class=\"fas fa-envelope\"><\/i><span class=\"list-text\">Exklusivversichert@outlook.com<\/span><\/a><\/div>\n\n\n\n<div class=\"guten-element guten-icon-list-item guten-v064Z4\"><div class=\"list-divider\"><\/div><a id=\"guten-v064Z4\"><i class=\"fas fa-phone\"><\/i><span class=\"list-text\">(+49) 172 2466157<\/span><\/a><\/div>\n<\/div><\/div>\n<\/div><\/div>\n\n\n\n<div class=\"wp-block-gutenverse-column guten-element guten-column guten-d8qmBb\"><div class=\"guten-column-wrapper\" data-id=\"d8qmBb\">\n<h3 class=\"wp-block-gutenverse-heading guten-element guten-pZ5DKm\">Abonnieren Sie unseren Newsletter.<\/h3>\n\n\n\n<div class=\"section-wrapper\" data-id=\"RQ9J9v\"><section class=\"wp-block-gutenverse-section guten-element guten-section guten-RQ9J9v layout-boxed align-stretch\"><div class=\"guten-container guten-column-gap-no\">\n<div class=\"wp-block-gutenverse-column guten-element guten-column guten-ntVzub\"><div class=\"guten-column-wrapper\" data-id=\"ntVzub\">\n<form style=\"display:none\" class=\"guten-element guten-form-builder guten-4elOvi\" data-form-id=\"275\" data-hide-after=\"false\" data-redirect=\"\" action=\"\">\n<div class=\"guten-element guten-wrap-helper no-margin guten-Pcc6MV flex\"><div class=\"guten-inner-wrap\" data-id=\"Pcc6MV\">\n<div class=\"guten-element guten-form-input-email guten-form-input guten-input-position-top guten-cNIYvY hide-label hide-helper\"><div class=\"label-wrapper\"><\/div><div class=\"main-wrapper\"><input data-validation=\"{&quot;type&quot;:&quot;email&quot;,&quot;required&quot;:false,&quot;validationType&quot;:&quot;none&quot;,&quot;validationWarning&quot;:&quot;Input Invalid&quot;}\" placeholder=\"Enter your email\" name=\"input-email\" class=\"gutenverse-input gutenverse-input-email\" type=\"email\"\/><div class=\"validation-error\">Input Invalid<\/div><\/div><\/div>\n\n\n\n<div class=\"guten-element guten-button-wrapper guten-submit-wrapper guten-GDJB9f\"><div class=\"form-notification\"><\/div><button class=\"guten-button gutenverse-input-submit guten-button-sm\" type=\"submit\"><i class=\"fa-lg gtn gtn-arrow-up-right-line\"><\/i><span><\/span><\/button><div class=\"gutenverse-input-submit-loader\"><i class=\"fas fa-spinner fa-spin\"><\/i><\/div><\/div>\n<\/div><\/div>\n<input type=\"hidden\" name=\"trp-form-language\" value=\"de\"\/><\/form>\n<\/div><\/div>\n<\/div><\/section><\/div>\n<\/div><\/div>\n<\/div><\/section><\/div>\n\n\n\n<div class=\"section-wrapper\" data-id=\"dhaT9S\"><section class=\"wp-block-gutenverse-section guten-element guten-section guten-dhaT9S layout-fullwidth align-stretch\"><div class=\"guten-container guten-column-gap-no\">\n<div class=\"wp-block-gutenverse-column guten-element guten-column guten-K25aoc\"><div class=\"guten-column-wrapper\" data-id=\"K25aoc\">\n<div class=\"guten-element gutenverse-text-editor guten-zjXkjd\"><div class=\"text-content-inner\">\n<p>Exklusiv Versichert. Entworfen und entwickelt von <a href=\"http:\/\/www.DanishZubair.com\">Danish Zubair<\/a><\/p>\n<\/div><\/div>\n<\/div><\/div>\n\n\n\n<div class=\"wp-block-gutenverse-column guten-element guten-column guten-OMaljg\"><div class=\"guten-column-wrapper\" data-id=\"OMaljg\">\n<div class=\"guten-element gutenverse-text-editor guten-Sx4N9N\"><div class=\"text-content-inner\">\n<p>Urheberrecht \u00a9 2025 Exklusiv Versichert. Alle Rechte vorbehalten.<\/p>\n<\/div><\/div>\n<\/div><\/div>\n<\/div><\/section><\/div>\n<\/div><\/div>\n<\/div><\/section><\/div>","protected":false},"excerpt":{"rendered":"","protected":false},"author":1,"featured_media":0,"parent":0,"menu_order":0,"comment_status":"closed","ping_status":"closed","template":"blank-canvas","meta":{"footnotes":""},"class_list":["post-79","page","type-page","status-publish","hentry"],"_hostinger_reach_plugin_has_subscription_block":false,"_hostinger_reach_plugin_is_elementor":false,"_links":{"self":[{"href":"https:\/\/exklusivversichert.com\/de\/wp-json\/wp\/v2\/pages\/79","targetHints":{"allow":["GET"]}}],"collection":[{"href":"https:\/\/exklusivversichert.com\/de\/wp-json\/wp\/v2\/pages"}],"about":[{"href":"https:\/\/exklusivversichert.com\/de\/wp-json\/wp\/v2\/types\/page"}],"author":[{"embeddable":true,"href":"https:\/\/exklusivversichert.com\/de\/wp-json\/wp\/v2\/users\/1"}],"replies":[{"embeddable":true,"href":"https:\/\/exklusivversichert.com\/de\/wp-json\/wp\/v2\/comments?post=79"}],"version-history":[{"count":9,"href":"https:\/\/exklusivversichert.com\/de\/wp-json\/wp\/v2\/pages\/79\/revisions"}],"predecessor-version":[{"id":330,"href":"https:\/\/exklusivversichert.com\/de\/wp-json\/wp\/v2\/pages\/79\/revisions\/330"}],"wp:attachment":[{"href":"https:\/\/exklusivversichert.com\/de\/wp-json\/wp\/v2\/media?parent=79"}],"curies":[{"name":"wp","href":"https:\/\/api.w.org\/{rel}","templated":true}]}}